{"id":465,"date":"2016-11-01T20:25:41","date_gmt":"2016-11-01T19:25:41","guid":{"rendered":"http:\/\/www.koreccorso.cz\/en\/?page_id=465"},"modified":"2025-09-16T19:48:27","modified_gmt":"2025-09-16T18:48:27","slug":"hip-dysplasia","status":"publish","type":"page","link":"https:\/\/www.koreccorso.cz\/en\/hip-dysplasia\/","title":{"rendered":"HIP DYSPLASIA"},"content":{"rendered":"<p>Hip dysplasia (HD) is a serious developmental disease of locomotor system which mostly affects large breeds of dogs. Its genesis was influenced by both external influences and hereditary predispositions. This is why it is extremely important to pay utmost attention to the HD indications in the dog\u00b4s ancestors when selecting puppies for breeding.<\/p>\n<p>The core problem of HD is a fault development and creation of the hip socket, femur head, joint envelope and capital ligament. While healthy dogs\u00b4 femur head falls firmly to the joint envelope and its movement is painless, dogs affected by HD suffer from so called laxity (loose joint) when the movement of the femur head in the envelope causes pain and subsequent degenerative conditions \u2013 mainly arthrosis. That all causes severe pain to the dog who becomes reluctant to move, has troubles getting up and walking up the stairs and relieves the pain by transferring weight to upper limbs.<\/p>\n<p>There are many factors which determine whether the dog will suffer from HD. However the most important one is its genetic predisposition. It is highly probable that puppies of dogs which have positive HD indicators will probably also suffer from dysplasia. However, it is not impossible that this disease will afflict also puppies of dogs without symptoms. The progress of dysplasia can be partially affected by external influences. This is a matter of physical strain of the dog, quality of its food and its bodily constitution.<\/p>\n<p>A dog can be afflicted by this disease even though it does not show any symptoms \u2013 only about a quarter of dogs which suffer from HD show observable problems. This means that the only reliable method to detect hip dysplasia is an X-ray examination which is regulated by F\u00e9d\u00e9ration Cynologique International (FCI) norms in the Czech Republic. The X-ray examination and its subsequent evaluation falls under the internal regulation of the Czech Veterinary Chamber (Komora veterin\u00e1rn\u00edch l\u00e9ka\u0159\u016f \u010cR \u2013 KVL \u010cR) about the method of evaluation of the dog\u00b4s hip dysplasia. The X-ray is done in a state of deep sedation or narcosis which allows for the dog to be fixed in the right position. While the X-ray itself can be done by any veterinary, its evaluation can be done only be a specialist authorized by the Orthopaedic Impairment Evaluators Club of the Czech Veterinary Chamber. This is why all the images must be well marked, e.g. with the dog\u00b4s testing number. A list of these specialists is available on the Czech Veterinary Chamber website.<\/p>\n<p>A specialist can assess whether the dog has HD symptoms and to what level. According to the FCI regulation, the examination is assessed on the basis of the following scale:<\/p>\n<ul>\n<li>A \u2013 no symptoms<\/li>\n<li>B \u2013 marginal dysplasia<\/li>\n<li>C \u2013 slight dysplasia<\/li>\n<li>D \u2013 medium dysplasia<\/li>\n<li>E \u2013 heavy dysplasia<\/li>\n<\/ul>\n<p>In the Czech Republic, an indication of the degree of dysplasia is used for each limb individually. According to the recording regulations of the Cane Corso Club Czech Republic, the minimum age of 18 months is required for a hip dysplasia evaluation. In all cases, dogs evaluated with FCI grade E are excluded from breeding, even when found only on one side.<\/p>\n<p>Hip dysplasia cannot be cured completely, only the symptoms can be mitigated. Potential treatment \u2013 whether a surgery or a conservative treatment \u2013 depends on the degree of dysplasia and the age, weight, activity and symptoms of the dog. The conservative treatment includes reduction of strain and movement activity, weight reduction of obese dogs, joint nutrition and medication with painkillers with anti-inflammatory effect. If conservative treatment is unsuccessful, there is a possibility of surgery in some cases.<\/p>\n<p>Article describing Heritability of Canine Hip Dysplasia in Cane Corso Italiano you can find <a href=\"http:\/\/www.koreccorso.cz\/wp-content\/uploads\/2019\/02\/DN-Magazine.pdf\" class=\"button btn-dark\">HERE<\/a>.<\/p>\n<p>Segregation Analysis of Canine Hip Dysplasia in Cane Corso Italiano Dogs<br \/>\n<iframe loading=\"lazy\" class=\"pdfjs-viewer\" width=\"800px\" height=\"849px\" src=\"https:\/\/www.koreccorso.cz\/wp-content\/plugins\/pdf-viewer\/stable\/web\/viewer.html?file=http:\/\/www.koreccorso.cz\/wp-content\/uploads\/2017\/12\/Segregation-Analysis-of-Canine-Hip-Dysplasia-in-Cane.pdf\"><\/iframe> \n","protected":false},"excerpt":{"rendered":"<p>Hip dysplasia (HD) is a serious developmental disease of locomotor system which mostly affects large breeds of dogs. Its genesis was influenced by both external influences and hereditary predispositions. This is why it is extremely important to pay utmost attention to the HD indications in the dog\u00b4s ancestors when selecting\u2026<\/p>\n<p> <a class=\"continue-reading-link\" href=\"https:\/\/www.koreccorso.cz\/en\/hip-dysplasia\/\"><span>Continue reading<\/span><i class=\"icon-right-dir\"><\/i><\/a><\/p>\n","protected":false},"author":1,"featured_media":0,"parent":0,"menu_order":0,"comment_status":"closed","ping_status":"closed","template":"","meta":{"_acf_changed":false,"_monsterinsights_skip_tracking":false,"_monsterinsights_sitenote_active":false,"_monsterinsights_sitenote_note":"","_monsterinsights_sitenote_category":0,"footnotes":""},"class_list":["post-465","page","type-page","status-publish","hentry"],"acf":[],"aioseo_notices":[],"_links":{"self":[{"href":"https:\/\/www.koreccorso.cz\/en\/wp-json\/wp\/v2\/pages\/465","targetHints":{"allow":["GET"]}}],"collection":[{"href":"https:\/\/www.koreccorso.cz\/en\/wp-json\/wp\/v2\/pages"}],"about":[{"href":"https:\/\/www.koreccorso.cz\/en\/wp-json\/wp\/v2\/types\/page"}],"author":[{"embeddable":true,"href":"https:\/\/www.koreccorso.cz\/en\/wp-json\/wp\/v2\/users\/1"}],"replies":[{"embeddable":true,"href":"https:\/\/www.koreccorso.cz\/en\/wp-json\/wp\/v2\/comments?post=465"}],"version-history":[{"count":6,"href":"https:\/\/www.koreccorso.cz\/en\/wp-json\/wp\/v2\/pages\/465\/revisions"}],"predecessor-version":[{"id":7206,"href":"https:\/\/www.koreccorso.cz\/en\/wp-json\/wp\/v2\/pages\/465\/revisions\/7206"}],"wp:attachment":[{"href":"https:\/\/www.koreccorso.cz\/en\/wp-json\/wp\/v2\/media?parent=465"}],"curies":[{"name":"wp","href":"https:\/\/api.w.org\/{rel}","templated":true}]}}